{"id":35738,"date":"2021-06-28T13:22:37","date_gmt":"2021-06-28T17:22:37","guid":{"rendered":"https:\/\/agis.interligne.co\/?post_type=product&#038;p=35738"},"modified":"2021-06-28T13:22:37","modified_gmt":"2021-06-28T17:22:37","slug":"the-half-of-it","status":"publish","type":"product","link":"https:\/\/agis.interligne.co\/en\/produit\/the-half-of-it\/","title":{"rendered":"The Half of It"},"content":{"rendered":"<p><strong>Review :<\/strong><\/p>\n<p>Nouvelle interpr\u00e9tation du classique Cirano de Bergerac. Un film sympathique qui propose une nouvelle version du classique triangle amoureux. Perdue dans cette pittoresque petite ville am\u00e9ricaine, les personnages principaux naviguent entre leurs croyances religieuses h\u00e9t\u00e9rocentr\u00e9es et l&#8217;\u00e9veil \u00e0 l&#8217;amour.<\/p>\n<p>A new interpretation of the classic Cyrano de Bergerac. A sympathetic movie that offers a new version of the classic love triangle. Lost in a picturesque small American town, the main characters navigate between their heterocentric religious beliefs and the awakening of love.<\/p>\n<p><strong>*Spoilers<\/strong>: A sexologist will tell you to avoid spying and faking your identity to begin a good relationship!<\/p>\n","protected":false},"excerpt":{"rendered":"<p>Directed by Alice Wu<\/p>\n<p>2020<\/p>\n<p>Keywords: <span style=\"font-weight: 400;\"><strong>Awakening of love, integration\/immigration, discrepancies between religious beliefs and romantic <\/strong><\/span><strong>and <\/strong><strong>sexual\u00a0 orientation<\/strong><\/p>\n<p>For: youth and teens<\/p>\n<p>Trigger warnings: homophobia, religious and homophobic messages, interiorized homophobia<\/p>\n<p>Description:<\/p>\n<p>When smart but cash-strapped teen Ellie Chu agrees to write a love letter for a jock, she doesn&#8217;t expect to become his friend &#8211; or fall for his crush.<\/p>\n","protected":false},"featured_media":35680,"comment_status":"closed","ping_status":"closed","template":"","meta":{"_coblocks_attr":"","_coblocks_dimensions":"","_coblocks_responsive_height":"","_coblocks_accordion_ie_support":"","_uag_custom_page_level_css":""},"product_brand":[],"product_cat":[280],"product_tag":[],"class_list":{"0":"post-35738","1":"product","2":"type-product","3":"status-publish","4":"has-post-thumbnail","6":"product_cat-movies","8":"first","9":"instock","10":"shipping-taxable","11":"product-type-simple"},"uagb_featured_image_src":{"full":["https:\/\/agis.interligne.co\/wp-content\/uploads\/2021\/04\/c79556acab574d6d3eda958350cb272e.jpg",1597,2400,false],"thumbnail":["https:\/\/agis.interligne.co\/wp-content\/uploads\/2021\/04\/c79556acab574d6d3eda958350cb272e-150x20.jpg",150,20,true],"medium":["https:\/\/agis.interligne.co\/wp-content\/uploads\/2021\/04\/c79556acab574d6d3eda958350cb272e-400x602.jpg",400,602,true],"medium_large":["https:\/\/agis.interligne.co\/wp-content\/uploads\/2021\/04\/c79556acab574d6d3eda958350cb272e-768x1154.jpg",640,962,true],"large":["https:\/\/agis.interligne.co\/wp-content\/uploads\/2021\/04\/c79556acab574d6d3eda958350cb272e-400x602.jpg",400,602,true],"listing-thumbnail":["https:\/\/agis.interligne.co\/wp-content\/uploads\/2021\/04\/c79556acab574d6d3eda958350cb272e.jpg",399,600,false],"listing-location-thumbnail":["https:\/\/agis.interligne.co\/wp-content\/uploads\/2021\/04\/c79556acab574d6d3eda958350cb272e.jpg",100,150,false],"1536x1536":["https:\/\/agis.interligne.co\/wp-content\/uploads\/2021\/04\/c79556acab574d6d3eda958350cb272e-1022x1536.jpg",1022,1536,true],"2048x2048":["https:\/\/agis.interligne.co\/wp-content\/uploads\/2021\/04\/c79556acab574d6d3eda958350cb272e-1363x2048.jpg",1363,2048,true],"gform-image-choice-sm":["https:\/\/agis.interligne.co\/wp-content\/uploads\/2021\/04\/c79556acab574d6d3eda958350cb272e.jpg",200,300,false],"gform-image-choice-md":["https:\/\/agis.interligne.co\/wp-content\/uploads\/2021\/04\/c79556acab574d6d3eda958350cb272e.jpg",266,400,false],"gform-image-choice-lg":["https:\/\/agis.interligne.co\/wp-content\/uploads\/2021\/04\/c79556acab574d6d3eda958350cb272e.jpg",399,600,false],"rpwe-thumbnail":["https:\/\/agis.interligne.co\/wp-content\/uploads\/2021\/04\/c79556acab574d6d3eda958350cb272e-45x45.jpg",45,45,true],"woocommerce_thumbnail":["https:\/\/agis.interligne.co\/wp-content\/uploads\/2021\/04\/c79556acab574d6d3eda958350cb272e-270x345.jpg",270,345,true],"woocommerce_single":["https:\/\/agis.interligne.co\/wp-content\/uploads\/2021\/04\/c79556acab574d6d3eda958350cb272e-570x857.jpg",570,857,true],"woocommerce_gallery_thumbnail":["https:\/\/agis.interligne.co\/wp-content\/uploads\/2021\/04\/c79556acab574d6d3eda958350cb272e-100x100.jpg",100,100,true],"sow-carousel-default":["https:\/\/agis.interligne.co\/wp-content\/uploads\/2021\/04\/c79556acab574d6d3eda958350cb272e-272x182.jpg",272,182,true]},"uagb_author_info":{"display_name":"Gabriel","author_link":"https:\/\/agis.interligne.co\/en\/author\/"},"uagb_comment_info":0,"uagb_excerpt":"Directed by Alice Wu 2020 Keywords: Awakening of love, integration\/immigration, discrepancies between religious beliefs and romantic and sexual\u00a0 orientation For: youth and teens Trigger warnings: homophobia, religious and homophobic messages, interiorized homophobia Description: When smart but cash-strapped teen Ellie Chu agrees to write a love letter for a jock, she doesn't expect to become his&hellip;","_links":{"self":[{"href":"https:\/\/agis.interligne.co\/en\/wp-json\/wp\/v2\/product\/35738","targetHints":{"allow":["GET"]}}],"collection":[{"href":"https:\/\/agis.interligne.co\/en\/wp-json\/wp\/v2\/product"}],"about":[{"href":"https:\/\/agis.interligne.co\/en\/wp-json\/wp\/v2\/types\/product"}],"replies":[{"embeddable":true,"href":"https:\/\/agis.interligne.co\/en\/wp-json\/wp\/v2\/comments?post=35738"}],"wp:featuredmedia":[{"embeddable":true,"href":"https:\/\/agis.interligne.co\/en\/wp-json\/wp\/v2\/media\/35680"}],"wp:attachment":[{"href":"https:\/\/agis.interligne.co\/en\/wp-json\/wp\/v2\/media?parent=35738"}],"wp:term":[{"taxonomy":"product_brand","embeddable":true,"href":"https:\/\/agis.interligne.co\/en\/wp-json\/wp\/v2\/product_brand?post=35738"},{"taxonomy":"product_cat","embeddable":true,"href":"https:\/\/agis.interligne.co\/en\/wp-json\/wp\/v2\/product_cat?post=35738"},{"taxonomy":"product_tag","embeddable":true,"href":"https:\/\/agis.interligne.co\/en\/wp-json\/wp\/v2\/product_tag?post=35738"}],"curies":[{"name":"wp","href":"https:\/\/api.w.org\/{rel}","templated":true}]}}