{"id":20404,"date":"2019-04-26T14:46:43","date_gmt":"2019-04-26T18:46:43","guid":{"rendered":"https:\/\/agis.interligne.co\/?post_type=product&#038;p=20404"},"modified":"2019-07-04T15:21:16","modified_gmt":"2019-07-04T19:21:16","slug":"la-theorie-du-y","status":"publish","type":"product","link":"https:\/\/agis.interligne.co\/en\/produit\/la-theorie-du-y\/","title":{"rendered":"La th\u00e9orie du Y"},"content":{"rendered":"<p><strong>Commentaire :<\/strong><\/p>\n<p><span style=\"font-weight: 400;\"> R\u00e9aliste et touchante, cette s\u00e9rie d\u00e9mystifie la bisexualit\u00e9, mais porte aussi sur plusieurs autres r\u00e9alit\u00e9s LGBTQ+, offrant des personnages auxquels on s\u2019attache et s\u2019identifie facilement, par leurs aventures et leurs questionnements.<\/span><\/p>\n","protected":false},"excerpt":{"rendered":"<p><span style=\"font-weight: 400;\">2016<\/span><\/p>\n<p><span style=\"font-weight: 400;\">Langue<\/span><span style=\"font-weight: 400;\"> : <\/span><b>Fran\u00e7ais<\/b><\/p>\n<p><span style=\"font-weight: 400;\">Mots-cl\u00e9s <\/span><span style=\"font-weight: 400;\">: <\/span><b>lesbienne, gai, queer, bisexualit\u00e9, orientation sexuelle, amour<\/b><\/p>\n<p><span style=\"font-weight: 400;\">Description<\/span><span style=\"font-weight: 400;\"> : Cette s\u00e9rie belge sur <\/span><i><span style=\"font-weight: 400;\">Youtube <\/span><\/i><span style=\"font-weight: 400;\">porte sur la vie d\u2019Anna, 24 ans, en couple depuis 5 ans avec son copain. Se posant des questions depuis son adolescence sur son orientation sexuelle, elle entreprend, sans le pr\u00e9voir, une aventure avec une femme alors que son couple est \u00e0 la d\u00e9rive. S\u2019ensuivent toutes sortes de questionnements, qui m\u00e8nent Anna \u00e0 se demander si elle n\u2019est peut-\u00eatre pas bisexuelle.<\/span><\/p>\n<p>Lien Youtube : <a href=\"https:\/\/www.youtube.com\/watch?v=GBWfB_lgZT4\">https:\/\/www.youtube.com\/watch?v=GBWfB_lgZT4<\/a><\/p>\n","protected":false},"featured_media":20400,"comment_status":"open","ping_status":"closed","template":"","meta":{"_coblocks_attr":"","_coblocks_dimensions":"","_coblocks_responsive_height":"","_coblocks_accordion_ie_support":"","_uag_custom_page_level_css":""},"product_brand":[],"product_cat":[286],"product_tag":[],"class_list":{"0":"post-20404","1":"product","2":"type-product","3":"status-publish","4":"has-post-thumbnail","6":"product_cat-series-2","8":"first","9":"instock","10":"shipping-taxable","11":"product-type-simple"},"uagb_featured_image_src":{"full":["https:\/\/agis.interligne.co\/wp-content\/uploads\/2019\/04\/t\u00e9l\u00e9chargement-19.jpg",259,194,false],"thumbnail":["https:\/\/agis.interligne.co\/wp-content\/uploads\/2019\/04\/t\u00e9l\u00e9chargement-19-150x20.jpg",150,20,true],"medium":["https:\/\/agis.interligne.co\/wp-content\/uploads\/2019\/04\/t\u00e9l\u00e9chargement-19.jpg",259,194,false],"medium_large":["https:\/\/agis.interligne.co\/wp-content\/uploads\/2019\/04\/t\u00e9l\u00e9chargement-19.jpg",259,194,false],"large":["https:\/\/agis.interligne.co\/wp-content\/uploads\/2019\/04\/t\u00e9l\u00e9chargement-19.jpg",259,194,false],"listing-thumbnail":["https:\/\/agis.interligne.co\/wp-content\/uploads\/2019\/04\/t\u00e9l\u00e9chargement-19.jpg",259,194,false],"listing-location-thumbnail":["https:\/\/agis.interligne.co\/wp-content\/uploads\/2019\/04\/t\u00e9l\u00e9chargement-19.jpg",150,112,false],"1536x1536":["https:\/\/agis.interligne.co\/wp-content\/uploads\/2019\/04\/t\u00e9l\u00e9chargement-19.jpg",259,194,false],"2048x2048":["https:\/\/agis.interligne.co\/wp-content\/uploads\/2019\/04\/t\u00e9l\u00e9chargement-19.jpg",259,194,false],"gform-image-choice-sm":["https:\/\/agis.interligne.co\/wp-content\/uploads\/2019\/04\/t\u00e9l\u00e9chargement-19.jpg",259,194,false],"gform-image-choice-md":["https:\/\/agis.interligne.co\/wp-content\/uploads\/2019\/04\/t\u00e9l\u00e9chargement-19.jpg",259,194,false],"gform-image-choice-lg":["https:\/\/agis.interligne.co\/wp-content\/uploads\/2019\/04\/t\u00e9l\u00e9chargement-19.jpg",259,194,false],"rpwe-thumbnail":["https:\/\/agis.interligne.co\/wp-content\/uploads\/2019\/04\/t\u00e9l\u00e9chargement-19-45x45.jpg",45,45,true],"woocommerce_thumbnail":["https:\/\/agis.interligne.co\/wp-content\/uploads\/2019\/04\/t\u00e9l\u00e9chargement-19.jpg",259,194,false],"woocommerce_single":["https:\/\/agis.interligne.co\/wp-content\/uploads\/2019\/04\/t\u00e9l\u00e9chargement-19.jpg",259,194,false],"woocommerce_gallery_thumbnail":["https:\/\/agis.interligne.co\/wp-content\/uploads\/2019\/04\/t\u00e9l\u00e9chargement-19-100x100.jpg",100,100,true],"sow-carousel-default":["https:\/\/agis.interligne.co\/wp-content\/uploads\/2019\/04\/t\u00e9l\u00e9chargement-19-259x182.jpg",259,182,true]},"uagb_author_info":{"display_name":"Jordan","author_link":"https:\/\/agis.interligne.co\/en\/author\/"},"uagb_comment_info":0,"uagb_excerpt":"2016 Langue : Fran\u00e7ais Mots-cl\u00e9s : lesbienne, gai, queer, bisexualit\u00e9, orientation sexuelle, amour Description : Cette s\u00e9rie belge sur Youtube porte sur la vie d\u2019Anna, 24 ans, en couple depuis 5 ans avec son copain. Se posant des questions depuis son adolescence sur son orientation sexuelle, elle entreprend, sans le pr\u00e9voir, une aventure avec une&hellip;","_links":{"self":[{"href":"https:\/\/agis.interligne.co\/en\/wp-json\/wp\/v2\/product\/20404","targetHints":{"allow":["GET"]}}],"collection":[{"href":"https:\/\/agis.interligne.co\/en\/wp-json\/wp\/v2\/product"}],"about":[{"href":"https:\/\/agis.interligne.co\/en\/wp-json\/wp\/v2\/types\/product"}],"replies":[{"embeddable":true,"href":"https:\/\/agis.interligne.co\/en\/wp-json\/wp\/v2\/comments?post=20404"}],"wp:featuredmedia":[{"embeddable":true,"href":"https:\/\/agis.interligne.co\/en\/wp-json\/wp\/v2\/media\/20400"}],"wp:attachment":[{"href":"https:\/\/agis.interligne.co\/en\/wp-json\/wp\/v2\/media?parent=20404"}],"wp:term":[{"taxonomy":"product_brand","embeddable":true,"href":"https:\/\/agis.interligne.co\/en\/wp-json\/wp\/v2\/product_brand?post=20404"},{"taxonomy":"product_cat","embeddable":true,"href":"https:\/\/agis.interligne.co\/en\/wp-json\/wp\/v2\/product_cat?post=20404"},{"taxonomy":"product_tag","embeddable":true,"href":"https:\/\/agis.interligne.co\/en\/wp-json\/wp\/v2\/product_tag?post=20404"}],"curies":[{"name":"wp","href":"https:\/\/api.w.org\/{rel}","templated":true}]}}