{"id":19552,"date":"2019-04-24T09:58:10","date_gmt":"2019-04-24T13:58:10","guid":{"rendered":"https:\/\/agis.interligne.co\/?post_type=product&#038;p=19552"},"modified":"2019-07-08T13:47:00","modified_gmt":"2019-07-08T17:47:00","slug":"third-gender-what-is-it-and-what-does-it-change","status":"publish","type":"product","link":"https:\/\/agis.interligne.co\/en\/produit\/third-gender-what-is-it-and-what-does-it-change\/","title":{"rendered":"[TROISI\u00c8ME GENRE] C&#8217;est quoi et qu&#8217;est-ce que \u00e7a change?"},"content":{"rendered":"<p><strong>Commentaire : <\/strong><\/p>\n<p><span style=\"font-weight: 400;\">Cette vid\u00e9o est amusante, courte et efficace. Dans une vis\u00e9e de vulgarisation, elle permet de comprendre l\u2019\u00e9tat des choses dans le monde concernant les personnes du \u00ab troisi\u00e8me genre \u00bb et de s\u2019informer sur leurs droits et leurs r\u00e9alit\u00e9s.<\/span><\/p>\n<p>&nbsp;<\/p>\n<p>&nbsp;<\/p>\n<p>&nbsp;<\/p>\n","protected":false},"excerpt":{"rendered":"<p><span style=\"font-weight: 400;\">2017<\/span><\/p>\n<p><span style=\"font-weight: 400;\">Langue <\/span><span style=\"font-weight: 400;\">: Fran\u00e7ais<\/span><\/p>\n<p><span style=\"font-weight: 400;\">Mots-cl\u00e9s : <\/span><b>identit\u00e9 de genre, repr\u00e9sentation sociale, agenre, non-binaire, pangenre, bigenre<\/b><\/p>\n<p><span style=\"font-weight: 400;\">Description : <\/span><span style=\"font-weight: 400;\">Olivier de RAD explique ce qu\u2019est le \u00ab troisi\u00e8me genre \u00bb et les changements actuels s\u2019op\u00e9rant en soci\u00e9t\u00e9 \u00a0par rapport \u00e0 ce qui a trait aux droits des personnes ne correspondant pas \u00e0 la binarit\u00e9 des genres.<\/span><\/p>\n<p>Lien Youtube : <a href=\"https:\/\/www.youtube.com\/watch?v=n51BQeJldKc\">https:\/\/www.youtube.com\/watch?v=n51BQeJldKc<\/a><\/p>\n","protected":false},"featured_media":19541,"comment_status":"open","ping_status":"closed","template":"","meta":{"_coblocks_attr":"","_coblocks_dimensions":"","_coblocks_responsive_height":"","_coblocks_accordion_ie_support":"","_uag_custom_page_level_css":""},"product_brand":[],"product_cat":[273],"product_tag":[],"class_list":{"0":"post-19552","1":"product","2":"type-product","3":"status-publish","4":"has-post-thumbnail","6":"product_cat-podcasts-2","8":"first","9":"instock","10":"shipping-taxable","11":"product-type-simple"},"uagb_featured_image_src":{"full":["https:\/\/agis.interligne.co\/wp-content\/uploads\/2019\/04\/t\u00e9l\u00e9chargement-8.jpg",299,168,false],"thumbnail":["https:\/\/agis.interligne.co\/wp-content\/uploads\/2019\/04\/t\u00e9l\u00e9chargement-8-150x20.jpg",150,20,true],"medium":["https:\/\/agis.interligne.co\/wp-content\/uploads\/2019\/04\/t\u00e9l\u00e9chargement-8.jpg",299,168,false],"medium_large":["https:\/\/agis.interligne.co\/wp-content\/uploads\/2019\/04\/t\u00e9l\u00e9chargement-8.jpg",299,168,false],"large":["https:\/\/agis.interligne.co\/wp-content\/uploads\/2019\/04\/t\u00e9l\u00e9chargement-8.jpg",299,168,false],"listing-thumbnail":["https:\/\/agis.interligne.co\/wp-content\/uploads\/2019\/04\/t\u00e9l\u00e9chargement-8.jpg",299,168,false],"listing-location-thumbnail":["https:\/\/agis.interligne.co\/wp-content\/uploads\/2019\/04\/t\u00e9l\u00e9chargement-8.jpg",150,84,false],"1536x1536":["https:\/\/agis.interligne.co\/wp-content\/uploads\/2019\/04\/t\u00e9l\u00e9chargement-8.jpg",299,168,false],"2048x2048":["https:\/\/agis.interligne.co\/wp-content\/uploads\/2019\/04\/t\u00e9l\u00e9chargement-8.jpg",299,168,false],"gform-image-choice-sm":["https:\/\/agis.interligne.co\/wp-content\/uploads\/2019\/04\/t\u00e9l\u00e9chargement-8.jpg",299,168,false],"gform-image-choice-md":["https:\/\/agis.interligne.co\/wp-content\/uploads\/2019\/04\/t\u00e9l\u00e9chargement-8.jpg",299,168,false],"gform-image-choice-lg":["https:\/\/agis.interligne.co\/wp-content\/uploads\/2019\/04\/t\u00e9l\u00e9chargement-8.jpg",299,168,false],"rpwe-thumbnail":["https:\/\/agis.interligne.co\/wp-content\/uploads\/2019\/04\/t\u00e9l\u00e9chargement-8-45x45.jpg",45,45,true],"woocommerce_thumbnail":["https:\/\/agis.interligne.co\/wp-content\/uploads\/2019\/04\/t\u00e9l\u00e9chargement-8-270x168.jpg",270,168,true],"woocommerce_single":["https:\/\/agis.interligne.co\/wp-content\/uploads\/2019\/04\/t\u00e9l\u00e9chargement-8.jpg",299,168,false],"woocommerce_gallery_thumbnail":["https:\/\/agis.interligne.co\/wp-content\/uploads\/2019\/04\/t\u00e9l\u00e9chargement-8-100x100.jpg",100,100,true],"sow-carousel-default":["https:\/\/agis.interligne.co\/wp-content\/uploads\/2019\/04\/t\u00e9l\u00e9chargement-8-272x168.jpg",272,168,true]},"uagb_author_info":{"display_name":"Jordan","author_link":"https:\/\/agis.interligne.co\/en\/author\/"},"uagb_comment_info":0,"uagb_excerpt":"2017 Langue : Fran\u00e7ais Mots-cl\u00e9s : identit\u00e9 de genre, repr\u00e9sentation sociale, agenre, non-binaire, pangenre, bigenre Description : Olivier de RAD explique ce qu\u2019est le \u00ab troisi\u00e8me genre \u00bb et les changements actuels s\u2019op\u00e9rant en soci\u00e9t\u00e9 \u00a0par rapport \u00e0 ce qui a trait aux droits des personnes ne correspondant pas \u00e0 la binarit\u00e9 des genres. Lien&hellip;","_links":{"self":[{"href":"https:\/\/agis.interligne.co\/en\/wp-json\/wp\/v2\/product\/19552","targetHints":{"allow":["GET"]}}],"collection":[{"href":"https:\/\/agis.interligne.co\/en\/wp-json\/wp\/v2\/product"}],"about":[{"href":"https:\/\/agis.interligne.co\/en\/wp-json\/wp\/v2\/types\/product"}],"replies":[{"embeddable":true,"href":"https:\/\/agis.interligne.co\/en\/wp-json\/wp\/v2\/comments?post=19552"}],"wp:featuredmedia":[{"embeddable":true,"href":"https:\/\/agis.interligne.co\/en\/wp-json\/wp\/v2\/media\/19541"}],"wp:attachment":[{"href":"https:\/\/agis.interligne.co\/en\/wp-json\/wp\/v2\/media?parent=19552"}],"wp:term":[{"taxonomy":"product_brand","embeddable":true,"href":"https:\/\/agis.interligne.co\/en\/wp-json\/wp\/v2\/product_brand?post=19552"},{"taxonomy":"product_cat","embeddable":true,"href":"https:\/\/agis.interligne.co\/en\/wp-json\/wp\/v2\/product_cat?post=19552"},{"taxonomy":"product_tag","embeddable":true,"href":"https:\/\/agis.interligne.co\/en\/wp-json\/wp\/v2\/product_tag?post=19552"}],"curies":[{"name":"wp","href":"https:\/\/api.w.org\/{rel}","templated":true}]}}