{"id":18834,"date":"2019-04-18T14:31:35","date_gmt":"2019-04-18T18:31:35","guid":{"rendered":"https:\/\/agis.interligne.co\/?post_type=product&#038;p=18834"},"modified":"2019-07-08T14:13:21","modified_gmt":"2019-07-08T18:13:21","slug":"alliees-allies-ensemble-contre-lhomophobie","status":"publish","type":"product","link":"https:\/\/agis.interligne.co\/en\/produit\/alliees-allies-ensemble-contre-lhomophobie\/","title":{"rendered":"Alli\u00e9es, Alli\u00e9s ! Ensemble contre l&#8217;homophobie"},"content":{"rendered":"<p><strong>Commentaire : <\/strong><\/p>\n<p><span style=\"font-weight: 400;\">Pertinente et personnalis\u00e9e, cette vid\u00e9o repr\u00e9sente bien la mission du <\/span><i><span style=\"font-weight: 400;\">GRIS-Qu\u00e9bec<\/span><\/i><span style=\"font-weight: 400;\"> \u00e0 travers des t\u00e9moignages. Elle d\u00e9montre bien en quoi consiste le r\u00f4le d\u2019une personne alli\u00e9e des communaut\u00e9s LGBTQ+. Ces gens d\u00e9montrent que l&#8217;int\u00e9gration r\u00e9elle des personnes LGBTQ+ peut se faire facilement et qu&#8217;il est ultimement tr\u00e8s enrichissant de s\u2019affirmer en tant que personne alli\u00e9e. <\/span><span style=\"font-weight: 400;\">Cette vid\u00e9o repr\u00e9sente un beau message d\u2019espoir pour les personnes issues de la diversit\u00e9 sexuelle et de genre.\u00a0<\/span><\/p>\n","protected":false},"excerpt":{"rendered":"<p><span style=\"font-weight: 400;\">2012<\/span><\/p>\n<p><span style=\"font-weight: 400;\">Langue <\/span><span style=\"font-weight: 400;\">: Fran\u00e7ais<\/span><\/p>\n<p><span style=\"font-weight: 400;\">Mots-cl\u00e9s<\/span><span style=\"font-weight: 400;\"> : <\/span><b>personnes alli\u00e9es, LGBTQ+, aide, ressource, support, t\u00e9moignages<\/b><\/p>\n<p><span style=\"font-weight: 400;\">Description :<\/span> <i><span style=\"font-weight: 400;\">Alli\u00e9es, Alli\u00e9s ! Ensemble contre l&#8217;homophobie<\/span><\/i><span style=\"font-weight: 400;\"> montre des personnes h\u00e9t\u00e9rosexuelles et cisgenres qui ont \u00e0 c\u0153ur d&#8217;int\u00e9grer les jeunes de la diversit\u00e9 sexuelle par de petits et grands gestes. Ces personnes r\u00e9v\u00e8lent \u00e0 travers leur t\u00e9moignage leur vision de l&#8217;homophobie et de l&#8217;h\u00e9t\u00e9rosexisme, des joies et d\u00e9fis d\u2019\u00eatre une personne alli\u00e9e.\u00a0<\/span><\/p>\n<p style=\"text-align: left;\">Lien Youtube : <a href=\"https:\/\/www.youtube.com\/watch?v=oi4560jPaOY\">https:\/\/www.youtube.com\/watch?v=oi4560jPaOY<\/a><\/p>\n","protected":false},"featured_media":18815,"comment_status":"open","ping_status":"closed","template":"","meta":{"_coblocks_attr":"","_coblocks_dimensions":"","_coblocks_responsive_height":"","_coblocks_accordion_ie_support":"","_uag_custom_page_level_css":""},"product_brand":[],"product_cat":[273],"product_tag":[],"class_list":{"0":"post-18834","1":"product","2":"type-product","3":"status-publish","4":"has-post-thumbnail","6":"product_cat-podcasts-2","8":"first","9":"instock","10":"shipping-taxable","11":"product-type-simple"},"uagb_featured_image_src":{"full":["https:\/\/agis.interligne.co\/wp-content\/uploads\/2019\/04\/t\u00e9l\u00e9chargement-7.jpg",180,280,false],"thumbnail":["https:\/\/agis.interligne.co\/wp-content\/uploads\/2019\/04\/t\u00e9l\u00e9chargement-7-150x20.jpg",150,20,true],"medium":["https:\/\/agis.interligne.co\/wp-content\/uploads\/2019\/04\/t\u00e9l\u00e9chargement-7.jpg",180,280,false],"medium_large":["https:\/\/agis.interligne.co\/wp-content\/uploads\/2019\/04\/t\u00e9l\u00e9chargement-7.jpg",180,280,false],"large":["https:\/\/agis.interligne.co\/wp-content\/uploads\/2019\/04\/t\u00e9l\u00e9chargement-7.jpg",180,280,false],"listing-thumbnail":["https:\/\/agis.interligne.co\/wp-content\/uploads\/2019\/04\/t\u00e9l\u00e9chargement-7.jpg",180,280,false],"listing-location-thumbnail":["https:\/\/agis.interligne.co\/wp-content\/uploads\/2019\/04\/t\u00e9l\u00e9chargement-7.jpg",96,150,false],"1536x1536":["https:\/\/agis.interligne.co\/wp-content\/uploads\/2019\/04\/t\u00e9l\u00e9chargement-7.jpg",180,280,false],"2048x2048":["https:\/\/agis.interligne.co\/wp-content\/uploads\/2019\/04\/t\u00e9l\u00e9chargement-7.jpg",180,280,false],"gform-image-choice-sm":["https:\/\/agis.interligne.co\/wp-content\/uploads\/2019\/04\/t\u00e9l\u00e9chargement-7.jpg",180,280,false],"gform-image-choice-md":["https:\/\/agis.interligne.co\/wp-content\/uploads\/2019\/04\/t\u00e9l\u00e9chargement-7.jpg",180,280,false],"gform-image-choice-lg":["https:\/\/agis.interligne.co\/wp-content\/uploads\/2019\/04\/t\u00e9l\u00e9chargement-7.jpg",180,280,false],"rpwe-thumbnail":["https:\/\/agis.interligne.co\/wp-content\/uploads\/2019\/04\/t\u00e9l\u00e9chargement-7-45x45.jpg",45,45,true],"woocommerce_thumbnail":["https:\/\/agis.interligne.co\/wp-content\/uploads\/2019\/04\/t\u00e9l\u00e9chargement-7.jpg",180,280,false],"woocommerce_single":["https:\/\/agis.interligne.co\/wp-content\/uploads\/2019\/04\/t\u00e9l\u00e9chargement-7.jpg",180,280,false],"woocommerce_gallery_thumbnail":["https:\/\/agis.interligne.co\/wp-content\/uploads\/2019\/04\/t\u00e9l\u00e9chargement-7-100x100.jpg",100,100,true],"sow-carousel-default":["https:\/\/agis.interligne.co\/wp-content\/uploads\/2019\/04\/t\u00e9l\u00e9chargement-7-180x182.jpg",180,182,true]},"uagb_author_info":{"display_name":"Jordan","author_link":"https:\/\/agis.interligne.co\/en\/author\/"},"uagb_comment_info":0,"uagb_excerpt":"2012 Langue : Fran\u00e7ais Mots-cl\u00e9s : personnes alli\u00e9es, LGBTQ+, aide, ressource, support, t\u00e9moignages Description : Alli\u00e9es, Alli\u00e9s ! Ensemble contre l'homophobie montre des personnes h\u00e9t\u00e9rosexuelles et cisgenres qui ont \u00e0 c\u0153ur d'int\u00e9grer les jeunes de la diversit\u00e9 sexuelle par de petits et grands gestes. Ces personnes r\u00e9v\u00e8lent \u00e0 travers leur t\u00e9moignage leur vision de l'homophobie&hellip;","_links":{"self":[{"href":"https:\/\/agis.interligne.co\/en\/wp-json\/wp\/v2\/product\/18834","targetHints":{"allow":["GET"]}}],"collection":[{"href":"https:\/\/agis.interligne.co\/en\/wp-json\/wp\/v2\/product"}],"about":[{"href":"https:\/\/agis.interligne.co\/en\/wp-json\/wp\/v2\/types\/product"}],"replies":[{"embeddable":true,"href":"https:\/\/agis.interligne.co\/en\/wp-json\/wp\/v2\/comments?post=18834"}],"wp:featuredmedia":[{"embeddable":true,"href":"https:\/\/agis.interligne.co\/en\/wp-json\/wp\/v2\/media\/18815"}],"wp:attachment":[{"href":"https:\/\/agis.interligne.co\/en\/wp-json\/wp\/v2\/media?parent=18834"}],"wp:term":[{"taxonomy":"product_brand","embeddable":true,"href":"https:\/\/agis.interligne.co\/en\/wp-json\/wp\/v2\/product_brand?post=18834"},{"taxonomy":"product_cat","embeddable":true,"href":"https:\/\/agis.interligne.co\/en\/wp-json\/wp\/v2\/product_cat?post=18834"},{"taxonomy":"product_tag","embeddable":true,"href":"https:\/\/agis.interligne.co\/en\/wp-json\/wp\/v2\/product_tag?post=18834"}],"curies":[{"name":"wp","href":"https:\/\/api.w.org\/{rel}","templated":true}]}}