{"id":18670,"date":"2019-04-18T13:24:06","date_gmt":"2019-04-18T17:24:06","guid":{"rendered":"https:\/\/agis.interligne.co\/?post_type=product&#038;p=18670"},"modified":"2019-07-08T14:33:11","modified_gmt":"2019-07-08T18:33:11","slug":"it-gets-better-paul-arseneau-2012","status":"publish","type":"product","link":"https:\/\/agis.interligne.co\/en\/produit\/it-gets-better-paul-arseneau-2012\/","title":{"rendered":"It gets better \u2013 Paul-Arseneau 2012"},"content":{"rendered":"<p><strong>Commentaire : <\/strong><\/p>\n<p><span style=\"font-weight: 400;\">On ne peut que saluer l\u2019initiative de cette \u00e9cole de promouvoir l\u2019inclusion des personnes LGBTQ+ d\u2019une aussi belle mani\u00e8re. Cette vid\u00e9o porte le message d\u2019espoir d\u2019une communaut\u00e9 de plus en plus ouverte et respectueuse des diff\u00e9rences. L\u2019intimidation n\u2019a pas sa place \u00e0 Paul-Arseneau : une \u00e9cole inclusive, c\u2019est possible!<\/span><\/p>\n","protected":false},"excerpt":{"rendered":"<p><b>Cathy Thibeault<\/b><\/p>\n<p><span style=\"font-weight: 400;\">2012<\/span><\/p>\n<p><span style=\"font-weight: 400;\">Langue <\/span><span style=\"font-weight: 400;\">: Fran\u00e7ais<\/span><\/p>\n<p><span style=\"font-weight: 400;\">Mots-cl\u00e9s<\/span><span style=\"font-weight: 400;\"> : <\/span><b>enjeux LGBTQ+, intimidation, discrimination, espoir, personnes alli\u00e9es, \u00e9cole, t\u00e9moignages<\/b><\/p>\n<p><span style=\"font-weight: 400;\">Description : <\/span><span style=\"font-weight: 400;\">Les \u00e9l\u00e8ves de l\u2019\u00e9cole secondaire Paul-Arseneau \u00e0 l\u2019Assomption<\/span> <span style=\"font-weight: 400;\">s\u2019expriment sur les enjeux LGBTQ+ et sur leur exp\u00e9rience personnelle dans une \u00e9cole tr\u00e8s ouverte.\u00a0\u00a0<\/span><\/p>\n<p>Lien Youtube : <a href=\"https:\/\/www.youtube.com\/watch?v=plZ6zdnAE2s\">https:\/\/www.youtube.com\/watch?v=plZ6zdnAE2s<\/a><\/p>\n","protected":false},"featured_media":18666,"comment_status":"open","ping_status":"closed","template":"","meta":{"_coblocks_attr":"","_coblocks_dimensions":"","_coblocks_responsive_height":"","_coblocks_accordion_ie_support":"","_uag_custom_page_level_css":""},"product_brand":[],"product_cat":[273],"product_tag":[],"class_list":{"0":"post-18670","1":"product","2":"type-product","3":"status-publish","4":"has-post-thumbnail","6":"product_cat-podcasts-2","8":"first","9":"instock","10":"shipping-taxable","11":"product-type-simple"},"uagb_featured_image_src":{"full":["https:\/\/agis.interligne.co\/wp-content\/uploads\/2019\/04\/t\u00e9l\u00e9chargement-5.jpg",183,276,false],"thumbnail":["https:\/\/agis.interligne.co\/wp-content\/uploads\/2019\/04\/t\u00e9l\u00e9chargement-5-150x20.jpg",150,20,true],"medium":["https:\/\/agis.interligne.co\/wp-content\/uploads\/2019\/04\/t\u00e9l\u00e9chargement-5.jpg",183,276,false],"medium_large":["https:\/\/agis.interligne.co\/wp-content\/uploads\/2019\/04\/t\u00e9l\u00e9chargement-5.jpg",183,276,false],"large":["https:\/\/agis.interligne.co\/wp-content\/uploads\/2019\/04\/t\u00e9l\u00e9chargement-5.jpg",183,276,false],"listing-thumbnail":["https:\/\/agis.interligne.co\/wp-content\/uploads\/2019\/04\/t\u00e9l\u00e9chargement-5.jpg",183,276,false],"listing-location-thumbnail":["https:\/\/agis.interligne.co\/wp-content\/uploads\/2019\/04\/t\u00e9l\u00e9chargement-5.jpg",99,150,false],"1536x1536":["https:\/\/agis.interligne.co\/wp-content\/uploads\/2019\/04\/t\u00e9l\u00e9chargement-5.jpg",183,276,false],"2048x2048":["https:\/\/agis.interligne.co\/wp-content\/uploads\/2019\/04\/t\u00e9l\u00e9chargement-5.jpg",183,276,false],"gform-image-choice-sm":["https:\/\/agis.interligne.co\/wp-content\/uploads\/2019\/04\/t\u00e9l\u00e9chargement-5.jpg",183,276,false],"gform-image-choice-md":["https:\/\/agis.interligne.co\/wp-content\/uploads\/2019\/04\/t\u00e9l\u00e9chargement-5.jpg",183,276,false],"gform-image-choice-lg":["https:\/\/agis.interligne.co\/wp-content\/uploads\/2019\/04\/t\u00e9l\u00e9chargement-5.jpg",183,276,false],"rpwe-thumbnail":["https:\/\/agis.interligne.co\/wp-content\/uploads\/2019\/04\/t\u00e9l\u00e9chargement-5-45x45.jpg",45,45,true],"woocommerce_thumbnail":["https:\/\/agis.interligne.co\/wp-content\/uploads\/2019\/04\/t\u00e9l\u00e9chargement-5.jpg",183,276,false],"woocommerce_single":["https:\/\/agis.interligne.co\/wp-content\/uploads\/2019\/04\/t\u00e9l\u00e9chargement-5.jpg",183,276,false],"woocommerce_gallery_thumbnail":["https:\/\/agis.interligne.co\/wp-content\/uploads\/2019\/04\/t\u00e9l\u00e9chargement-5-100x100.jpg",100,100,true],"sow-carousel-default":["https:\/\/agis.interligne.co\/wp-content\/uploads\/2019\/04\/t\u00e9l\u00e9chargement-5-183x182.jpg",183,182,true]},"uagb_author_info":{"display_name":"Jordan","author_link":"https:\/\/agis.interligne.co\/en\/author\/"},"uagb_comment_info":0,"uagb_excerpt":"Cathy Thibeault 2012 Langue : Fran\u00e7ais Mots-cl\u00e9s : enjeux LGBTQ+, intimidation, discrimination, espoir, personnes alli\u00e9es, \u00e9cole, t\u00e9moignages Description : Les \u00e9l\u00e8ves de l\u2019\u00e9cole secondaire Paul-Arseneau \u00e0 l\u2019Assomption s\u2019expriment sur les enjeux LGBTQ+ et sur leur exp\u00e9rience personnelle dans une \u00e9cole tr\u00e8s ouverte.\u00a0\u00a0 Lien Youtube : https:\/\/www.youtube.com\/watch?v=plZ6zdnAE2s","_links":{"self":[{"href":"https:\/\/agis.interligne.co\/en\/wp-json\/wp\/v2\/product\/18670","targetHints":{"allow":["GET"]}}],"collection":[{"href":"https:\/\/agis.interligne.co\/en\/wp-json\/wp\/v2\/product"}],"about":[{"href":"https:\/\/agis.interligne.co\/en\/wp-json\/wp\/v2\/types\/product"}],"replies":[{"embeddable":true,"href":"https:\/\/agis.interligne.co\/en\/wp-json\/wp\/v2\/comments?post=18670"}],"wp:featuredmedia":[{"embeddable":true,"href":"https:\/\/agis.interligne.co\/en\/wp-json\/wp\/v2\/media\/18666"}],"wp:attachment":[{"href":"https:\/\/agis.interligne.co\/en\/wp-json\/wp\/v2\/media?parent=18670"}],"wp:term":[{"taxonomy":"product_brand","embeddable":true,"href":"https:\/\/agis.interligne.co\/en\/wp-json\/wp\/v2\/product_brand?post=18670"},{"taxonomy":"product_cat","embeddable":true,"href":"https:\/\/agis.interligne.co\/en\/wp-json\/wp\/v2\/product_cat?post=18670"},{"taxonomy":"product_tag","embeddable":true,"href":"https:\/\/agis.interligne.co\/en\/wp-json\/wp\/v2\/product_tag?post=18670"}],"curies":[{"name":"wp","href":"https:\/\/api.w.org\/{rel}","templated":true}]}}