{"id":18588,"date":"2019-04-18T11:47:21","date_gmt":"2019-04-18T15:47:21","guid":{"rendered":"https:\/\/agis.interligne.co\/?post_type=product&#038;p=18588"},"modified":"2022-11-30T05:41:31","modified_gmt":"2022-11-30T10:41:31","slug":"si-les-trans-parlaient-comme-les-cis-les-brutes-tele-quebec","status":"publish","type":"product","link":"https:\/\/agis.interligne.co\/en\/produit\/si-les-trans-parlaient-comme-les-cis-les-brutes-tele-quebec\/","title":{"rendered":"Si les trans parlaient comme les cis* Les Brutes \u2013 T\u00e9l\u00e9-Qu\u00e9bec"},"content":{"rendered":"<p><strong>Commentaire : \u00a0<\/strong><\/p>\n<p><span style=\"font-weight: 400;\">Cette vid\u00e9o, tr\u00e8s bien r\u00e9alis\u00e9e et s\u2019adressant \u00e0 toute personne sur un ton plut\u00f4t humoristique, permet de mieux comprendre ce que vivent les personnes trans au quotidien, ce qui constitue une question intrusive ou un comportement inappropri\u00e9 et comment \u00e9viter de les adopter !<\/span><\/p>\n","protected":false},"excerpt":{"rendered":"<p><span style=\"font-weight: 400;\">Date <\/span><span style=\"font-weight: 400;\">: 2017<\/span><\/p>\n<p><span style=\"font-weight: 400;\">Langue<\/span><span style=\"font-weight: 400;\"> : fran\u00e7ais<\/span><\/p>\n<p><span style=\"font-weight: 400;\">Mots-cl\u00e9s<\/span><span style=\"font-weight: 400;\"> : <\/span><b>personnes trans, expression de genre, identit\u00e9 de genre, discrimination, st\u00e9r\u00e9otypes<\/b><\/p>\n<p><span style=\"font-weight: 400;\">Description<\/span><span style=\"font-weight: 400;\"> : Gabrielle Boulianne-Tremblay et Dylan Bisson s&#8217;adressent aux Brutes de la m\u00eame fa\u00e7on que certaines personnes s&#8217;adressent \u00e0 elles en tant que personnes trans.\u00a0<\/span><\/p>\n<p>Lien Youtube : <a href=\"https:\/\/www.youtube.com\/watch?v=Swvm2OweJNc\">https:\/\/www.youtube.com\/watch?v=Swvm2OweJNc<\/a><\/p>\n","protected":false},"featured_media":18579,"comment_status":"open","ping_status":"closed","template":"","meta":{"_coblocks_attr":"","_coblocks_dimensions":"","_coblocks_responsive_height":"","_coblocks_accordion_ie_support":"","_uag_custom_page_level_css":""},"product_brand":[],"product_cat":[268],"product_tag":[],"class_list":{"0":"post-18588","1":"product","2":"type-product","3":"status-publish","4":"has-post-thumbnail","6":"product_cat-non-classe","8":"first","9":"instock","10":"shipping-taxable","11":"product-type-simple"},"uagb_featured_image_src":{"full":["https:\/\/agis.interligne.co\/wp-content\/uploads\/2019\/04\/t\u00e9l\u00e9chargement-4.jpg",300,168,false],"thumbnail":["https:\/\/agis.interligne.co\/wp-content\/uploads\/2019\/04\/t\u00e9l\u00e9chargement-4-150x20.jpg",150,20,true],"medium":["https:\/\/agis.interligne.co\/wp-content\/uploads\/2019\/04\/t\u00e9l\u00e9chargement-4.jpg",300,168,false],"medium_large":["https:\/\/agis.interligne.co\/wp-content\/uploads\/2019\/04\/t\u00e9l\u00e9chargement-4.jpg",300,168,false],"large":["https:\/\/agis.interligne.co\/wp-content\/uploads\/2019\/04\/t\u00e9l\u00e9chargement-4.jpg",300,168,false],"listing-thumbnail":["https:\/\/agis.interligne.co\/wp-content\/uploads\/2019\/04\/t\u00e9l\u00e9chargement-4.jpg",300,168,false],"listing-location-thumbnail":["https:\/\/agis.interligne.co\/wp-content\/uploads\/2019\/04\/t\u00e9l\u00e9chargement-4.jpg",150,84,false],"1536x1536":["https:\/\/agis.interligne.co\/wp-content\/uploads\/2019\/04\/t\u00e9l\u00e9chargement-4.jpg",300,168,false],"2048x2048":["https:\/\/agis.interligne.co\/wp-content\/uploads\/2019\/04\/t\u00e9l\u00e9chargement-4.jpg",300,168,false],"gform-image-choice-sm":["https:\/\/agis.interligne.co\/wp-content\/uploads\/2019\/04\/t\u00e9l\u00e9chargement-4.jpg",300,168,false],"gform-image-choice-md":["https:\/\/agis.interligne.co\/wp-content\/uploads\/2019\/04\/t\u00e9l\u00e9chargement-4.jpg",300,168,false],"gform-image-choice-lg":["https:\/\/agis.interligne.co\/wp-content\/uploads\/2019\/04\/t\u00e9l\u00e9chargement-4.jpg",300,168,false],"rpwe-thumbnail":["https:\/\/agis.interligne.co\/wp-content\/uploads\/2019\/04\/t\u00e9l\u00e9chargement-4-45x45.jpg",45,45,true],"woocommerce_thumbnail":["https:\/\/agis.interligne.co\/wp-content\/uploads\/2019\/04\/t\u00e9l\u00e9chargement-4-270x168.jpg",270,168,true],"woocommerce_single":["https:\/\/agis.interligne.co\/wp-content\/uploads\/2019\/04\/t\u00e9l\u00e9chargement-4.jpg",300,168,false],"woocommerce_gallery_thumbnail":["https:\/\/agis.interligne.co\/wp-content\/uploads\/2019\/04\/t\u00e9l\u00e9chargement-4-100x100.jpg",100,100,true],"sow-carousel-default":["https:\/\/agis.interligne.co\/wp-content\/uploads\/2019\/04\/t\u00e9l\u00e9chargement-4-272x168.jpg",272,168,true]},"uagb_author_info":{"display_name":"Jordan","author_link":"https:\/\/agis.interligne.co\/en\/author\/"},"uagb_comment_info":3,"uagb_excerpt":"Date : 2017 Langue : fran\u00e7ais Mots-cl\u00e9s : personnes trans, expression de genre, identit\u00e9 de genre, discrimination, st\u00e9r\u00e9otypes Description : Gabrielle Boulianne-Tremblay et Dylan Bisson s'adressent aux Brutes de la m\u00eame fa\u00e7on que certaines personnes s'adressent \u00e0 elles en tant que personnes trans.\u00a0 Lien Youtube : https:\/\/www.youtube.com\/watch?v=Swvm2OweJNc","_links":{"self":[{"href":"https:\/\/agis.interligne.co\/en\/wp-json\/wp\/v2\/product\/18588","targetHints":{"allow":["GET"]}}],"collection":[{"href":"https:\/\/agis.interligne.co\/en\/wp-json\/wp\/v2\/product"}],"about":[{"href":"https:\/\/agis.interligne.co\/en\/wp-json\/wp\/v2\/types\/product"}],"replies":[{"embeddable":true,"href":"https:\/\/agis.interligne.co\/en\/wp-json\/wp\/v2\/comments?post=18588"}],"wp:featuredmedia":[{"embeddable":true,"href":"https:\/\/agis.interligne.co\/en\/wp-json\/wp\/v2\/media\/18579"}],"wp:attachment":[{"href":"https:\/\/agis.interligne.co\/en\/wp-json\/wp\/v2\/media?parent=18588"}],"wp:term":[{"taxonomy":"product_brand","embeddable":true,"href":"https:\/\/agis.interligne.co\/en\/wp-json\/wp\/v2\/product_brand?post=18588"},{"taxonomy":"product_cat","embeddable":true,"href":"https:\/\/agis.interligne.co\/en\/wp-json\/wp\/v2\/product_cat?post=18588"},{"taxonomy":"product_tag","embeddable":true,"href":"https:\/\/agis.interligne.co\/en\/wp-json\/wp\/v2\/product_tag?post=18588"}],"curies":[{"name":"wp","href":"https:\/\/api.w.org\/{rel}","templated":true}]}}