{"id":13246,"date":"2019-01-24T16:25:58","date_gmt":"2019-01-24T21:25:58","guid":{"rendered":"http:\/\/agis.interligne.co\/?post_type=product&#038;p=13246"},"modified":"2019-07-09T10:10:54","modified_gmt":"2019-07-09T14:10:54","slug":"la-fille-qui-revait-dembrasser-bonnie-parker","status":"publish","type":"product","link":"https:\/\/agis.interligne.co\/en\/produit\/la-fille-qui-revait-dembrasser-bonnie-parker\/","title":{"rendered":"La fille qui r\u00eavait d\u2019embrasser Bonnie Parker"},"content":{"rendered":"<p><strong>Review : <\/strong><\/p>\n<p><span style=\"font-weight: 400;\">Il s\u2019agit d\u2019un livre qui d\u00e9crit tr\u00e8s bien les diff\u00e9rentes mani\u00e8res dont peuvent r\u00e9agir les proches au coming-out ainsi que les cons\u00e9quences du \u00ab outing \u00bb (coming-out forc\u00e9), du d\u00e9veloppement de la conscience de soi et de sa vie sexuelle et sentimentale.<\/span><\/p>\n","protected":false},"excerpt":{"rendered":"<p><span style=\"font-weight: 400;\">By Isabelle Gagnon<\/span><\/p>\n<p><span style=\"font-weight: 400;\">2010<\/span><\/p>\n<p><span style=\"font-weight: 400;\">Language<\/span><span style=\"font-weight: 400;\">\u00a0: French<\/span><\/p>\n<p><span style=\"font-weight: 400;\">Keywords : <\/span><b>lesbienne, gai, orientation sexuelle, amiti\u00e9<\/b><\/p>\n<p><span style=\"font-weight: 400;\">Description : <\/span><span style=\"font-weight: 400;\">\u00c0 moiti\u00e9 roman, \u00e0 moiti\u00e9 journal intime, ce livre nous permet de voir la vie avec les yeux de Florence, 17 ans, une fille s\u2019\u00e9tant toujours d\u00e9marqu\u00e9e des autres jeunes de son \u00e2ge. Alors que sa meilleure amie revient d\u2019Europe, sa vie se verra chamboul\u00e9e et ses amiti\u00e9s transform\u00e9es.<\/span><\/p>\n<p>&nbsp;<\/p>\n","protected":false},"featured_media":13163,"comment_status":"open","ping_status":"closed","template":"","meta":{"_coblocks_attr":"","_coblocks_dimensions":"","_coblocks_responsive_height":"","_coblocks_accordion_ie_support":"","_uag_custom_page_level_css":""},"product_brand":[],"product_cat":[279],"product_tag":[],"class_list":{"0":"post-13246","1":"product","2":"type-product","3":"status-publish","4":"has-post-thumbnail","6":"product_cat-books","8":"first","9":"instock","10":"shipping-taxable","11":"product-type-simple"},"uagb_featured_image_src":{"full":["https:\/\/agis.interligne.co\/wp-content\/uploads\/2019\/01\/9782890912885_large.jpg",920,1348,false],"thumbnail":["https:\/\/agis.interligne.co\/wp-content\/uploads\/2019\/01\/9782890912885_large-150x20.jpg",150,20,true],"medium":["https:\/\/agis.interligne.co\/wp-content\/uploads\/2019\/01\/9782890912885_large-400x586.jpg",400,586,true],"medium_large":["https:\/\/agis.interligne.co\/wp-content\/uploads\/2019\/01\/9782890912885_large-768x1125.jpg",640,938,true],"large":["https:\/\/agis.interligne.co\/wp-content\/uploads\/2019\/01\/9782890912885_large-400x586.jpg",400,586,true],"listing-thumbnail":["https:\/\/agis.interligne.co\/wp-content\/uploads\/2019\/01\/9782890912885_large.jpg",409,600,false],"listing-location-thumbnail":["https:\/\/agis.interligne.co\/wp-content\/uploads\/2019\/01\/9782890912885_large.jpg",102,150,false],"1536x1536":["https:\/\/agis.interligne.co\/wp-content\/uploads\/2019\/01\/9782890912885_large.jpg",920,1348,false],"2048x2048":["https:\/\/agis.interligne.co\/wp-content\/uploads\/2019\/01\/9782890912885_large.jpg",920,1348,false],"gform-image-choice-sm":["https:\/\/agis.interligne.co\/wp-content\/uploads\/2019\/01\/9782890912885_large.jpg",205,300,false],"gform-image-choice-md":["https:\/\/agis.interligne.co\/wp-content\/uploads\/2019\/01\/9782890912885_large.jpg",273,400,false],"gform-image-choice-lg":["https:\/\/agis.interligne.co\/wp-content\/uploads\/2019\/01\/9782890912885_large.jpg",409,600,false],"rpwe-thumbnail":["https:\/\/agis.interligne.co\/wp-content\/uploads\/2019\/01\/9782890912885_large-45x45.jpg",45,45,true],"woocommerce_thumbnail":["https:\/\/agis.interligne.co\/wp-content\/uploads\/2019\/01\/9782890912885_large-270x345.jpg",270,345,true],"woocommerce_single":["https:\/\/agis.interligne.co\/wp-content\/uploads\/2019\/01\/9782890912885_large-570x835.jpg",570,835,true],"woocommerce_gallery_thumbnail":["https:\/\/agis.interligne.co\/wp-content\/uploads\/2019\/01\/9782890912885_large-100x100.jpg",100,100,true],"sow-carousel-default":["https:\/\/agis.interligne.co\/wp-content\/uploads\/2019\/01\/9782890912885_large-272x182.jpg",272,182,true]},"uagb_author_info":{"display_name":"Gabriel","author_link":"https:\/\/agis.interligne.co\/en\/author\/"},"uagb_comment_info":0,"uagb_excerpt":"By Isabelle Gagnon 2010 Language\u00a0: French Keywords : lesbienne, gai, orientation sexuelle, amiti\u00e9 Description : \u00c0 moiti\u00e9 roman, \u00e0 moiti\u00e9 journal intime, ce livre nous permet de voir la vie avec les yeux de Florence, 17 ans, une fille s\u2019\u00e9tant toujours d\u00e9marqu\u00e9e des autres jeunes de son \u00e2ge. Alors que sa meilleure amie revient d\u2019Europe,&hellip;","_links":{"self":[{"href":"https:\/\/agis.interligne.co\/en\/wp-json\/wp\/v2\/product\/13246","targetHints":{"allow":["GET"]}}],"collection":[{"href":"https:\/\/agis.interligne.co\/en\/wp-json\/wp\/v2\/product"}],"about":[{"href":"https:\/\/agis.interligne.co\/en\/wp-json\/wp\/v2\/types\/product"}],"replies":[{"embeddable":true,"href":"https:\/\/agis.interligne.co\/en\/wp-json\/wp\/v2\/comments?post=13246"}],"wp:featuredmedia":[{"embeddable":true,"href":"https:\/\/agis.interligne.co\/en\/wp-json\/wp\/v2\/media\/13163"}],"wp:attachment":[{"href":"https:\/\/agis.interligne.co\/en\/wp-json\/wp\/v2\/media?parent=13246"}],"wp:term":[{"taxonomy":"product_brand","embeddable":true,"href":"https:\/\/agis.interligne.co\/en\/wp-json\/wp\/v2\/product_brand?post=13246"},{"taxonomy":"product_cat","embeddable":true,"href":"https:\/\/agis.interligne.co\/en\/wp-json\/wp\/v2\/product_cat?post=13246"},{"taxonomy":"product_tag","embeddable":true,"href":"https:\/\/agis.interligne.co\/en\/wp-json\/wp\/v2\/product_tag?post=13246"}],"curies":[{"name":"wp","href":"https:\/\/api.w.org\/{rel}","templated":true}]}}