{"id":36016,"date":"2021-07-29T11:29:18","date_gmt":"2021-07-29T15:29:18","guid":{"rendered":"https:\/\/agis.interligne.co\/?page_id=36016"},"modified":"2021-08-18T15:30:34","modified_gmt":"2021-08-18T19:30:34","slug":"ensemble-contre-lintimidation","status":"publish","type":"page","link":"https:\/\/agis.interligne.co\/en\/ensemble-contre-lintimidation\/","title":{"rendered":"Ensemble contre l&#8217;intimidation"},"content":{"rendered":"\n<p style=\"font-size:24px;font-family:Montserrat\" class=\"has-custom-font\"><strong>Ensemble contre l&#8217;intimidation<\/strong><\/p>\n\n\n\n<p style=\"font-family:Montserrat\" class=\"has-custom-font\">As part of the &#8220;Ensemble contre l&#8217;intimidation&#8221; project, Interligne&#8217;s youth committee created 5 tools by and for young people aimed at raising awareness against homophobic and transphobic bullying in youth communities. Among these tools, 3 slogans against intimation were thought out and printed on sweaters, posters and stickers. These first tools were launched on Pink Day in February 2021: the international day against bullying! The committee then created a video featuring the different letters of the acronym LGBTQIA2SNBP +, as well as a comic explaining how to be a better ally.<\/p>\n\n\n\n<p style=\"font-family:Montserrat\" class=\"has-custom-font\">This project aims to raise awareness of homophobic and transphobic bullying in schools and other youth communities. These tools can be used to equip and educate people in the face of bullying experienced by young people of sexual and gender diversity.<\/p>\n\n\n\n<div class=\"wp-block-image\"><figure class=\"aligncenter size-large is-resized\"><img loading=\"lazy\" decoding=\"async\" src=\"https:\/\/agis.interligne.co\/wp-content\/uploads\/2021\/08\/MicrosoftTeams-image-2-copy-400x179.jpeg\" alt=\"\" class=\"wp-image-36052\" width=\"450\" height=\"202\" srcset=\"https:\/\/agis.interligne.co\/wp-content\/uploads\/2021\/08\/MicrosoftTeams-image-2-copy-400x179.jpeg 400w, https:\/\/agis.interligne.co\/wp-content\/uploads\/2021\/08\/MicrosoftTeams-image-2-copy-768x344.jpeg 768w, https:\/\/agis.interligne.co\/wp-content\/uploads\/2021\/08\/MicrosoftTeams-image-2-copy-1536x689.jpeg 1536w, https:\/\/agis.interligne.co\/wp-content\/uploads\/2021\/08\/MicrosoftTeams-image-2-copy-2048x918.jpeg 2048w, https:\/\/agis.interligne.co\/wp-content\/uploads\/2021\/08\/MicrosoftTeams-image-2-copy-570x256.jpeg 570w\" sizes=\"auto, (max-width: 450px) 100vw, 450px\" \/><\/figure><\/div>\n\n\n\n<p><\/p>\n\n\n\n<div class=\"wp-block-coblocks-accordion\">\n<div class=\"wp-block-coblocks-accordion-item\"><\/div>\n<\/div>\n\n\n<style>.kt-tabs-id_73fb16-eb > .kt-tabs-content-wrap > .wp-block-kadence-tab{border-top-width:4px;border-right-width:4px;border-bottom-width:4px;border-left-width:4px;border-color:#eeeeee;border-top-left-radius:0px;border-top-right-radius:0px;border-bottom-right-radius:0px;border-bottom-left-radius:0px;padding-top:var(--global-kb-spacing-sm, 1.5rem);padding-right:var(--global-kb-spacing-sm, 1.5rem);padding-bottom:var(--global-kb-spacing-sm, 1.5rem);padding-left:var(--global-kb-spacing-sm, 1.5rem);min-height:400px;background:#ffffff;}.wp-block-kadence-tabs .kt-tabs-id_73fb16-eb > .kt-tabs-title-list li{margin-top:0px;margin-right:-4px;margin-bottom:10px;margin-left:0px;}.wp-block-kadence-tabs .kt-tabs-id_73fb16-eb > .kt-tabs-title-list li .kt-tab-title, .wp-block-kadence-tabs .kt-tabs-id_73fb16-eb > .kt-tabs-content-wrap > .kt-tabs-accordion-title .kt-tab-title{line-height:1.4em;font-family:Montserrat;font-weight:600;font-style:normal;border-top-width:4px;border-right-width:0px;border-bottom-width:4px;border-left-width:4px;border-top-left-radius:10px;border-top-right-radius:0px;border-bottom-right-radius:0px;border-bottom-left-radius:10px;padding-top:12px;padding-right:8px;padding-bottom:12px;padding-left:20px;border-color:#eeeeee;color:#444444;background:#eeeeee;}.wp-block-kadence-tabs .kt-tabs-id_73fb16-eb > .kt-tabs-content-wrap > .kt-tabs-accordion-title .kt-tab-title{margin-top:0px;margin-right:-4px;margin-bottom:10px;margin-left:0px;}.wp-block-kadence-tabs .kt-tabs-id_73fb16-eb > .kt-tabs-title-list li .kt-tab-title:hover, .wp-block-kadence-tabs .kt-tabs-id_73fb16-eb > .kt-tabs-content-wrap > .kt-tabs-accordion-title .kt-tab-title:hover{border-color:#e9e9e9;color:#ffb100;background:#e9e9e9;}.wp-block-kadence-tabs .kt-tabs-id_73fb16-eb > .kt-tabs-title-list li.kt-tab-title-active .kt-tab-title, .wp-block-kadence-tabs .kt-tabs-id_73fb16-eb > .kt-tabs-content-wrap > .kt-tabs-accordion-title.kt-tab-title-active .kt-tab-title{border-color:#eeeeee;color:#3d1747;background:#ffffff;}.wp-block-kadence-tabs .kt-tabs-id_73fb16-eb > .kt-tabs-title-list li svg{font-size:16px;}@media all and (min-width: 1025px){.wp-block-kadence-tabs .kt-tabs-id_73fb16-eb{display:flex;}.wp-block-kadence-tabs .kt-tabs-id_73fb16-eb > .kt-tabs-title-list{float:none;width:30%;}.wp-block-kadence-tabs .kt-tabs-id_73fb16-eb > .kt-tabs-content-wrap{float:none;width:auto;-webkit-flex:1;flex:1;}}@media all and (min-width: 768px) and (max-width: 1024px){.wp-block-kadence-tabs .kt-tabs-id_73fb16-eb{display:flex;}.wp-block-kadence-tabs .kt-tabs-id_73fb16-eb > .kt-tabs-title-list{float:none;width:30%;}.wp-block-kadence-tabs .kt-tabs-id_73fb16-eb > .kt-tabs-content-wrap{float:none;width:auto;-webkit-flex:1;flex:1;}}<\/style>\n<div class=\"wp-block-kadence-tabs alignnone alignundefined\"><div class=\"kt-tabs-wrap kt-tabs-id_73fb16-eb kt-tabs-has-3-tabs kt-active-tab-2 kt-tabs-layout-vtabs kt-tabs-tablet-layout-vtabs kt-tabs-mobile-layout-tabs kt-tab-alignment-left \" style=\"max-width:none\"><ul class=\"kt-tabs-title-list\"><li id=\"tab-comic-yourewelcomemyfriend\" class=\"kt-title-item kt-title-item-1 kt-tabs-svg-show-always kt-tabs-icon-side-right kt-tab-title-inactive\"><a href=\"#tab-comic-yourewelcomemyfriend\" data-tab=\"1\" class=\"kt-tab-title kt-tab-title-1 \"><span class=\"kt-title-text\">Comic &#8211; You&#8217;re Welcome, My Friend <\/span><span style=\"display:inline-flex;justify-content:center;align-items:center\" class=\"kt-tab-svg-icon kt-tab-svg-icon-fe_bookOpen kt-title-svg-side-right\"><svg style=\"display:inline-block;vertical-align:middle\" viewbox=\"0 0 24 24\" height=\"16\" width=\"16\" fill=\"none\" stroke=\"currentColor\" xmlns=\"http:\/\/www.w3.org\/2000\/svg\" stroke-width=\"2\" stroke-linecap=\"round\" stroke-linejoin=\"round\"><path d=\"M2 3h6a4 4 0 0 1 4 4v14a3 3 0 0 0-3-3H2z\"><\/path><path d=\"M22 3h-6a4 4 0 0 0-4 4v14a3 3 0 0 1 3-3h7z\"><\/path><\/svg><\/span><\/a><\/li><li id=\"tab-educativevideo-lgbtqacronym\" class=\"kt-title-item kt-title-item-2 kt-tabs-svg-show-always kt-tabs-icon-side-right kt-tab-title-active\"><a href=\"#tab-educativevideo-lgbtqacronym\" data-tab=\"2\" class=\"kt-tab-title kt-tab-title-2 \"><span class=\"kt-title-text\">Educative Video &#8211; LGBTQ+ Acronym <\/span><span style=\"display:inline-flex;justify-content:center;align-items:center\" class=\"kt-tab-svg-icon kt-tab-svg-icon-fe_video kt-title-svg-side-right\"><svg style=\"display:inline-block;vertical-align:middle\" viewbox=\"0 0 24 24\" height=\"16\" width=\"16\" fill=\"none\" stroke=\"currentColor\" xmlns=\"http:\/\/www.w3.org\/2000\/svg\" stroke-width=\"2\" stroke-linecap=\"round\" stroke-linejoin=\"round\"><polygon points=\"23 7 16 12 23 17 23 7\"><\/polygon><rect x=\"1\" y=\"5\" width=\"15\" height=\"14\" rx=\"2\" ry=\"2\"><\/rect><\/svg><\/span><\/a><\/li><li id=\"tab-pinkshirtday\" class=\"kt-title-item kt-title-item-3 kt-tabs-svg-show-always kt-tabs-icon-side-right kt-tab-title-inactive\"><a href=\"#tab-pinkshirtday\" data-tab=\"3\" class=\"kt-tab-title kt-tab-title-3 \"><span class=\"kt-title-text\">Pink ShirtDay <\/span><\/a><\/li><\/ul><div class=\"kt-tabs-content-wrap\">\n<div class=\"wp-block-kadence-tab kt-tab-inner-content kt-inner-tab-1 kt-inner-tab_1c4021-2c\"><div class=\"kt-tab-inner-content-inner\">\n<p style=\"font-size:24px;font-family:Montserrat\" class=\"has-custom-font\"><strong>You&#8217;re Welcome, My Friend<\/strong><\/p>\n\n\n\n<p style=\"font-family:Montserrat\" class=\"has-custom-font\">&#8220;You&#8217;re Welcome, My Friend&#8221; is the visualization of a click, of a moment when a person realizes the importance of joining forces with the LGBTQ+ cause. These images are worth more than a thousand words.<\/p>\n\n\n\n<p style=\"font-family:Montserrat\" class=\"has-custom-font\">This comic is part of the &#8220;Ensemble contre l&#8217;intimidation&#8221; program, which aims to create anti-bullying tools by and for young people of a homophobic and transphobic nature. The screenplay was written in collaboration with Guillaume Morin.<\/p>\n\n\n\n<figure class=\"wp-block-image\"><a href=\"https:\/\/agis.interligne.co\/download\/35982\/\"><img loading=\"lazy\" decoding=\"async\" width=\"400\" height=\"588\" src=\"https:\/\/agis.interligne.co\/wp-content\/uploads\/2021\/07\/de_rien_mon_ami_EN_web1024_1-400x588.jpeg\" alt=\"youre welcome my friend\" class=\"wp-image-35998\" srcset=\"https:\/\/agis.interligne.co\/wp-content\/uploads\/2021\/07\/de_rien_mon_ami_EN_web1024_1-400x588.jpeg 400w, https:\/\/agis.interligne.co\/wp-content\/uploads\/2021\/07\/de_rien_mon_ami_EN_web1024_1-570x837.jpeg 570w, https:\/\/agis.interligne.co\/wp-content\/uploads\/2021\/07\/de_rien_mon_ami_EN_web1024_1.jpeg 697w\" sizes=\"auto, (max-width: 400px) 100vw, 400px\" \/><\/a><\/figure>\n\n\n\n<p style=\"font-family:Montserrat\" class=\"has-custom-font\">Click the link below to download the comic<\/p>\n\n\n<a  data-e-Disable-Page-Transition=\"true\" class=\"download-link\" title=\"Version en\" href=\"https:\/\/agis.interligne.co\/en\/download\/35982\/?tmstv=1778431933\" rel=\"nofollow\" id=\"download-link-35982\" data-redirect=\"false\" >\n\tComic - You're welcome, my friend - EN\t(17725 downloads\t)\n<\/a>\n\n\n\n\n<p style=\"font-family:Montserrat\" class=\"has-custom-font\">Clique le lien ci-dessous pour t\u00e9l\u00e9charger la BD en fran\u00e7ais<br><\/p>\n\n\n\n<figure class=\"wp-block-image\"><a href=\"https:\/\/agis.interligne.co\/download\/35976\/\"><img loading=\"lazy\" decoding=\"async\" width=\"400\" height=\"588\" src=\"https:\/\/agis.interligne.co\/wp-content\/uploads\/2021\/07\/de_rien_mon_ami_web1024_1-1-400x588.jpeg\" alt=\"de rien mon ami\" class=\"wp-image-35996\" srcset=\"https:\/\/agis.interligne.co\/wp-content\/uploads\/2021\/07\/de_rien_mon_ami_web1024_1-1-400x588.jpeg 400w, https:\/\/agis.interligne.co\/wp-content\/uploads\/2021\/07\/de_rien_mon_ami_web1024_1-1-570x837.jpeg 570w, https:\/\/agis.interligne.co\/wp-content\/uploads\/2021\/07\/de_rien_mon_ami_web1024_1-1.jpeg 697w\" sizes=\"auto, (max-width: 400px) 100vw, 400px\" \/><\/a><\/figure>\n\n\n<a  data-e-Disable-Page-Transition=\"true\" class=\"download-link\" title=\"Version fr\" href=\"https:\/\/agis.interligne.co\/en\/download\/35976\/?tmstv=1778431933\" rel=\"nofollow\" id=\"download-link-35976\" data-redirect=\"false\" >\n\tBD - De rien, mon ami - FR\t(19584 downloads\t)\n<\/a>\n\n\n\n\n<p style=\"font-family:Montserrat\" class=\"has-custom-font\"><strong>Thank you to all the partners who made this project possible. <\/strong><br><br>Official presenter of our Youth program<br><img loading=\"lazy\" decoding=\"async\" width=\"150\" height=\"58\" class=\"wp-image-36025\" style=\"width: 150px;\" src=\"https:\/\/agis.interligne.co\/wp-content\/uploads\/2021\/07\/Desjardins-819x315-1.png\" alt=\"\" srcset=\"https:\/\/agis.interligne.co\/wp-content\/uploads\/2021\/07\/Desjardins-819x315-1.png 819w, https:\/\/agis.interligne.co\/wp-content\/uploads\/2021\/07\/Desjardins-819x315-1-400x154.png 400w, https:\/\/agis.interligne.co\/wp-content\/uploads\/2021\/07\/Desjardins-819x315-1-768x295.png 768w, https:\/\/agis.interligne.co\/wp-content\/uploads\/2021\/07\/Desjardins-819x315-1-570x219.png 570w\" sizes=\"auto, (max-width: 150px) 100vw, 150px\" \/><br>Partners<br><img loading=\"lazy\" decoding=\"async\" width=\"150\" height=\"49\" class=\"wp-image-36027\" style=\"width: 150px;\" src=\"https:\/\/agis.interligne.co\/wp-content\/uploads\/2021\/07\/reseau-action-ti-logo-ville-de-montreal-2.png\" alt=\"\" srcset=\"https:\/\/agis.interligne.co\/wp-content\/uploads\/2021\/07\/reseau-action-ti-logo-ville-de-montreal-2.png 865w, https:\/\/agis.interligne.co\/wp-content\/uploads\/2021\/07\/reseau-action-ti-logo-ville-de-montreal-2-400x129.png 400w, https:\/\/agis.interligne.co\/wp-content\/uploads\/2021\/07\/reseau-action-ti-logo-ville-de-montreal-2-768x249.png 768w, https:\/\/agis.interligne.co\/wp-content\/uploads\/2021\/07\/reseau-action-ti-logo-ville-de-montreal-2-570x185.png 570w\" sizes=\"auto, (max-width: 150px) 100vw, 150px\" \/><img loading=\"lazy\" decoding=\"async\" width=\"150\" height=\"41\" class=\"wp-image-36031\" style=\"width: 150px;\" src=\"https:\/\/agis.interligne.co\/wp-content\/uploads\/2021\/07\/800px-Ministe\u0300re_de_la_Famille_Que\u0301bec.svg_-1.png\" alt=\"\" srcset=\"https:\/\/agis.interligne.co\/wp-content\/uploads\/2021\/07\/800px-Ministe\u0300re_de_la_Famille_Que\u0301bec.svg_-1.png 800w, https:\/\/agis.interligne.co\/wp-content\/uploads\/2021\/07\/800px-Ministe\u0300re_de_la_Famille_Que\u0301bec.svg_-1-400x109.png 400w, https:\/\/agis.interligne.co\/wp-content\/uploads\/2021\/07\/800px-Ministe\u0300re_de_la_Famille_Que\u0301bec.svg_-1-768x208.png 768w, https:\/\/agis.interligne.co\/wp-content\/uploads\/2021\/07\/800px-Ministe\u0300re_de_la_Famille_Que\u0301bec.svg_-1-570x155.png 570w\" sizes=\"auto, (max-width: 150px) 100vw, 150px\" \/><img loading=\"lazy\" decoding=\"async\" width=\"150\" height=\"68\" class=\"wp-image-36035\" style=\"width: 150px;\" src=\"https:\/\/agis.interligne.co\/wp-content\/uploads\/2021\/07\/10974547_601122873351528_1360053443001543994_o-1.jpeg\" alt=\"\" srcset=\"https:\/\/agis.interligne.co\/wp-content\/uploads\/2021\/07\/10974547_601122873351528_1360053443001543994_o-1.jpeg 1883w, https:\/\/agis.interligne.co\/wp-content\/uploads\/2021\/07\/10974547_601122873351528_1360053443001543994_o-1-400x181.jpeg 400w, https:\/\/agis.interligne.co\/wp-content\/uploads\/2021\/07\/10974547_601122873351528_1360053443001543994_o-1-768x348.jpeg 768w, https:\/\/agis.interligne.co\/wp-content\/uploads\/2021\/07\/10974547_601122873351528_1360053443001543994_o-1-1536x697.jpeg 1536w, https:\/\/agis.interligne.co\/wp-content\/uploads\/2021\/07\/10974547_601122873351528_1360053443001543994_o-1-570x259.jpeg 570w\" sizes=\"auto, (max-width: 150px) 100vw, 150px\" \/><\/p>\n\n\n\n<p><\/p>\n<\/div><\/div>\n\n\n\n<div class=\"wp-block-kadence-tab kt-tab-inner-content kt-inner-tab-2 kt-inner-tab_b16714-34\"><div class=\"kt-tab-inner-content-inner\">\n<p style=\"font-size:24px;font-family:Montserrat\" class=\"has-custom-font\"><strong>LGBTQ+ what does that mean?<\/strong> &#8211; French only<\/p>\n\n\n\n<p style=\"font-family:Montserrat\" class=\"has-custom-font\">Have you ever heard of the acronym LGBTQIA2SNBP+? Have you ever wondered what each letter means?<\/p>\n\n\n\n<p style=\"font-family:Montserrat\" class=\"has-custom-font\"><br>Using this video presented by Interligne, discover the meaning of the acronym LGBTQ+, its history and the diversity of the communities it brings together.<\/p>\n\n\n\n<figure class=\"wp-block-embed-youtube wp-block-embed is-type-video is-provider-youtube wp-embed-aspect-16-9 wp-has-aspect-ratio\"><div class=\"wp-block-embed__wrapper\">\nhttps:\/\/youtu.be\/PQ3DqkhfKME\n<\/div><\/figure>\n\n\n\n<p style=\"font-family:Montserrat\" class=\"has-custom-font\"><strong>Thank you to all the partners who made this project possible.<\/strong><br><br>Official presenter of our Youth program. <br><img loading=\"lazy\" decoding=\"async\" width=\"150\" height=\"58\" class=\"wp-image-36025\" style=\"width: 150px;\" src=\"https:\/\/agis.interligne.co\/wp-content\/uploads\/2021\/07\/Desjardins-819x315-1.png\" alt=\"\" srcset=\"https:\/\/agis.interligne.co\/wp-content\/uploads\/2021\/07\/Desjardins-819x315-1.png 819w, https:\/\/agis.interligne.co\/wp-content\/uploads\/2021\/07\/Desjardins-819x315-1-400x154.png 400w, https:\/\/agis.interligne.co\/wp-content\/uploads\/2021\/07\/Desjardins-819x315-1-768x295.png 768w, https:\/\/agis.interligne.co\/wp-content\/uploads\/2021\/07\/Desjardins-819x315-1-570x219.png 570w\" sizes=\"auto, (max-width: 150px) 100vw, 150px\" \/><br>Partners<br><img loading=\"lazy\" decoding=\"async\" width=\"150\" height=\"49\" class=\"wp-image-36027\" style=\"width: 150px;\" src=\"https:\/\/agis.interligne.co\/wp-content\/uploads\/2021\/07\/reseau-action-ti-logo-ville-de-montreal-2.png\" alt=\"\" srcset=\"https:\/\/agis.interligne.co\/wp-content\/uploads\/2021\/07\/reseau-action-ti-logo-ville-de-montreal-2.png 865w, https:\/\/agis.interligne.co\/wp-content\/uploads\/2021\/07\/reseau-action-ti-logo-ville-de-montreal-2-400x129.png 400w, https:\/\/agis.interligne.co\/wp-content\/uploads\/2021\/07\/reseau-action-ti-logo-ville-de-montreal-2-768x249.png 768w, https:\/\/agis.interligne.co\/wp-content\/uploads\/2021\/07\/reseau-action-ti-logo-ville-de-montreal-2-570x185.png 570w\" sizes=\"auto, (max-width: 150px) 100vw, 150px\" \/><img loading=\"lazy\" decoding=\"async\" width=\"150\" height=\"41\" class=\"wp-image-36031\" style=\"width: 150px;\" src=\"https:\/\/agis.interligne.co\/wp-content\/uploads\/2021\/07\/800px-Ministe\u0300re_de_la_Famille_Que\u0301bec.svg_-1.png\" alt=\"\" srcset=\"https:\/\/agis.interligne.co\/wp-content\/uploads\/2021\/07\/800px-Ministe\u0300re_de_la_Famille_Que\u0301bec.svg_-1.png 800w, https:\/\/agis.interligne.co\/wp-content\/uploads\/2021\/07\/800px-Ministe\u0300re_de_la_Famille_Que\u0301bec.svg_-1-400x109.png 400w, https:\/\/agis.interligne.co\/wp-content\/uploads\/2021\/07\/800px-Ministe\u0300re_de_la_Famille_Que\u0301bec.svg_-1-768x208.png 768w, https:\/\/agis.interligne.co\/wp-content\/uploads\/2021\/07\/800px-Ministe\u0300re_de_la_Famille_Que\u0301bec.svg_-1-570x155.png 570w\" sizes=\"auto, (max-width: 150px) 100vw, 150px\" \/><img loading=\"lazy\" decoding=\"async\" width=\"150\" height=\"68\" class=\"wp-image-36035\" style=\"width: 150px;\" src=\"https:\/\/agis.interligne.co\/wp-content\/uploads\/2021\/07\/10974547_601122873351528_1360053443001543994_o-1.jpeg\" alt=\"\" srcset=\"https:\/\/agis.interligne.co\/wp-content\/uploads\/2021\/07\/10974547_601122873351528_1360053443001543994_o-1.jpeg 1883w, https:\/\/agis.interligne.co\/wp-content\/uploads\/2021\/07\/10974547_601122873351528_1360053443001543994_o-1-400x181.jpeg 400w, https:\/\/agis.interligne.co\/wp-content\/uploads\/2021\/07\/10974547_601122873351528_1360053443001543994_o-1-768x348.jpeg 768w, https:\/\/agis.interligne.co\/wp-content\/uploads\/2021\/07\/10974547_601122873351528_1360053443001543994_o-1-1536x697.jpeg 1536w, https:\/\/agis.interligne.co\/wp-content\/uploads\/2021\/07\/10974547_601122873351528_1360053443001543994_o-1-570x259.jpeg 570w\" sizes=\"auto, (max-width: 150px) 100vw, 150px\" \/><\/p>\n<\/div><\/div>\n\n\n\n<div class=\"wp-block-kadence-tab kt-tab-inner-content kt-inner-tab-3 kt-inner-tab_3b924a-4e\"><div class=\"kt-tab-inner-content-inner\">\n<p style=\"font-size:24px;font-family:Montserrat\" class=\"has-custom-font\"><strong>Pink Shirt Day 2021<\/strong><\/p>\n\n\n\n<p style=\"font-family:Montserrat\" class=\"has-custom-font\">On February 26, 2007, two students from Central Kings Rural High School in Nova Scotia intervened to counter the bullying of a classmate who dared to wear pink. Since then, the day of the last Wednesday in February has become an international opportunity to take action against bullying in all its forms, including wearing the pink t-shirt.<\/p>\n\n\n\n<p style=\"font-family:Montserrat\" class=\"has-custom-font\">On the occasion of Pink Shirt Day, Interligne is launching a toolkit to fight bullying against LGBTQ+ people in Quebec. Developed from a concept imagined by the members of Interligne&#8217;s Youth Space, a visual was designed to raise public awareness of bullying committed online in the specific context of the health crisis. This visual is currently worn as a t-shirt by some of the big names in the Quebec media space, and is spreading on the web using the hashtag #EnsembleContreLintimidation.<\/p>\n\n\n\n<p style=\"font-family:Montserrat\" class=\"has-custom-font\">Thanks to funding from the Ministry of the Family, members of the Interligne Youth Space were invited to join their efforts to create a set of t-shirts, stickers and posters on the theme of bullying. the place of LGBTQ + people in Quebec.<\/p>\n\n\n\n<div class=\"wp-block-coblocks-gallery-collage has-5-gutter is-style-tiled\"><ul><li class=\"wp-block-coblocks-gallery-collage__item item-1\"><figure class=\"wp-block-coblocks-gallery-collage__figure\"><img loading=\"lazy\" decoding=\"async\" width=\"400\" height=\"401\" src=\"https:\/\/agis.interligne.co\/wp-content\/uploads\/2021\/08\/500x500_capture_d_rsquo_e__cran__le_2021-05-10_a___15_56_27-2-400x401.png\" alt=\"\" data-index=\"0\" data-id=\"36083\" data-imglink=\"\" data-link=\"https:\/\/agis.interligne.co\/ensemble-contre-lintimidation\/500x500_capture_d_rsquo_e__cran__le_2021-05-10_a___15_56_27-2\/\" class=\"wp-image-36083\" srcset=\"https:\/\/agis.interligne.co\/wp-content\/uploads\/2021\/08\/500x500_capture_d_rsquo_e__cran__le_2021-05-10_a___15_56_27-2-400x401.png 400w, https:\/\/agis.interligne.co\/wp-content\/uploads\/2021\/08\/500x500_capture_d_rsquo_e__cran__le_2021-05-10_a___15_56_27-2-45x45.png 45w, https:\/\/agis.interligne.co\/wp-content\/uploads\/2021\/08\/500x500_capture_d_rsquo_e__cran__le_2021-05-10_a___15_56_27-2-100x100.png 100w, https:\/\/agis.interligne.co\/wp-content\/uploads\/2021\/08\/500x500_capture_d_rsquo_e__cran__le_2021-05-10_a___15_56_27-2.png 499w\" sizes=\"auto, (max-width: 400px) 100vw, 400px\" \/><\/figure><\/li><li class=\"wp-block-coblocks-gallery-collage__item item-2\"><figure class=\"wp-block-coblocks-gallery-collage__figure\"><img loading=\"lazy\" decoding=\"async\" width=\"344\" height=\"500\" src=\"https:\/\/agis.interligne.co\/wp-content\/uploads\/2021\/08\/500x500_affiche_a_outils_plan_de_travail_1_copie_2-2.jpeg\" alt=\"\" data-index=\"1\" data-id=\"36085\" data-imglink=\"\" data-link=\"https:\/\/agis.interligne.co\/ensemble-contre-lintimidation\/500x500_affiche_a_outils_plan_de_travail_1_copie_2-2\/\" class=\"wp-image-36085\"\/><\/figure><\/li><li class=\"wp-block-coblocks-gallery-collage__item item-3\"><figure class=\"wp-block-coblocks-gallery-collage__figure\"><img loading=\"lazy\" decoding=\"async\" width=\"376\" height=\"375\" src=\"https:\/\/agis.interligne.co\/wp-content\/uploads\/2021\/08\/500x500_stickers_phase_outils-05-2.png\" alt=\"\" data-index=\"2\" data-id=\"36089\" data-imglink=\"\" data-link=\"https:\/\/agis.interligne.co\/ensemble-contre-lintimidation\/500x500_stickers_phase_outils-05-2\/\" class=\"wp-image-36089\" srcset=\"https:\/\/agis.interligne.co\/wp-content\/uploads\/2021\/08\/500x500_stickers_phase_outils-05-2.png 376w, https:\/\/agis.interligne.co\/wp-content\/uploads\/2021\/08\/500x500_stickers_phase_outils-05-2-45x45.png 45w, https:\/\/agis.interligne.co\/wp-content\/uploads\/2021\/08\/500x500_stickers_phase_outils-05-2-100x100.png 100w\" sizes=\"auto, (max-width: 376px) 100vw, 376px\" \/><\/figure><\/li><li class=\"wp-block-coblocks-gallery-collage__item item-4\"><figure class=\"wp-block-coblocks-gallery-collage__figure\"><img loading=\"lazy\" decoding=\"async\" width=\"400\" height=\"400\" src=\"https:\/\/agis.interligne.co\/wp-content\/uploads\/2021\/08\/500x500_a_noir-05-2-400x400.jpeg\" alt=\"\" data-index=\"3\" data-id=\"36087\" data-imglink=\"\" data-link=\"https:\/\/agis.interligne.co\/ensemble-contre-lintimidation\/500x500_a_noir-05-2\/\" class=\"wp-image-36087\" srcset=\"https:\/\/agis.interligne.co\/wp-content\/uploads\/2021\/08\/500x500_a_noir-05-2-400x400.jpeg 400w, https:\/\/agis.interligne.co\/wp-content\/uploads\/2021\/08\/500x500_a_noir-05-2-45x45.jpeg 45w, https:\/\/agis.interligne.co\/wp-content\/uploads\/2021\/08\/500x500_a_noir-05-2-100x100.jpeg 100w, https:\/\/agis.interligne.co\/wp-content\/uploads\/2021\/08\/500x500_a_noir-05-2.jpeg 500w\" sizes=\"auto, (max-width: 400px) 100vw, 400px\" \/><\/figure><\/li><\/ul><\/div>\n\n\n\n<div class=\"wp-block-buttons is-layout-flex wp-block-buttons-is-layout-flex\">\n<div class=\"wp-block-button is-style-fill has-custom-font\" style=\"font-family:Montserrat\"><a class=\"wp-block-button__link has-background\" href=\"https:\/\/soutenir.interligne.co\/campagnes-de-financement\/journee-du-chandail-rose-2021-20\" style=\"background-color:#00b9a4\" target=\"_blank\" rel=\"noreferrer noopener\"><strong>See all the products<\/strong><\/a><\/div>\n<\/div>\n<\/div><\/div>\n<\/div><\/div><\/div>\n","protected":false},"excerpt":{"rendered":"<p>Ensemble contre l&#8217;intimidation As part of the &#8220;Ensemble contre l&#8217;intimidation&#8221; project, Interligne&#8217;s youth committee created 5 tools by and for young people aimed at raising awareness against homophobic and transphobic bullying in youth communities. Among these tools, 3 slogans against &hellip; <\/p>\n","protected":false},"author":207,"featured_media":0,"parent":0,"menu_order":0,"comment_status":"closed","ping_status":"closed","template":"","meta":{"_coblocks_attr":"","_coblocks_dimensions":"","_coblocks_responsive_height":"","_coblocks_accordion_ie_support":"","_uag_custom_page_level_css":"","footnotes":""},"class_list":["post-36016","page","type-page","status-publish","hentry"],"uagb_featured_image_src":{"full":false,"thumbnail":false,"medium":false,"medium_large":false,"large":false,"listing-thumbnail":false,"listing-location-thumbnail":false,"1536x1536":false,"2048x2048":false,"gform-image-choice-sm":false,"gform-image-choice-md":false,"gform-image-choice-lg":false,"rpwe-thumbnail":false,"woocommerce_thumbnail":false,"woocommerce_single":false,"woocommerce_gallery_thumbnail":false,"sow-carousel-default":false},"uagb_author_info":{"display_name":"Gabriel","author_link":"https:\/\/agis.interligne.co\/en\/author\/gabriel-admin\/"},"uagb_comment_info":0,"uagb_excerpt":"Ensemble contre l&#8217;intimidation As part of the &#8220;Ensemble contre l&#8217;intimidation&#8221; project, Interligne&#8217;s youth committee created 5 tools by and for young people aimed at raising awareness against homophobic and transphobic bullying in youth communities. Among these tools, 3 slogans against &hellip;","_links":{"self":[{"href":"https:\/\/agis.interligne.co\/en\/wp-json\/wp\/v2\/pages\/36016","targetHints":{"allow":["GET"]}}],"collection":[{"href":"https:\/\/agis.interligne.co\/en\/wp-json\/wp\/v2\/pages"}],"about":[{"href":"https:\/\/agis.interligne.co\/en\/wp-json\/wp\/v2\/types\/page"}],"author":[{"embeddable":true,"href":"https:\/\/agis.interligne.co\/en\/wp-json\/wp\/v2\/users\/207"}],"replies":[{"embeddable":true,"href":"https:\/\/agis.interligne.co\/en\/wp-json\/wp\/v2\/comments?post=36016"}],"version-history":[{"count":3,"href":"https:\/\/agis.interligne.co\/en\/wp-json\/wp\/v2\/pages\/36016\/revisions"}],"predecessor-version":[{"id":36100,"href":"https:\/\/agis.interligne.co\/en\/wp-json\/wp\/v2\/pages\/36016\/revisions\/36100"}],"wp:attachment":[{"href":"https:\/\/agis.interligne.co\/en\/wp-json\/wp\/v2\/media?parent=36016"}],"curies":[{"name":"wp","href":"https:\/\/api.w.org\/{rel}","templated":true}]}}